{"id":221,"date":"2023-07-24T13:24:37","date_gmt":"2023-07-24T16:24:37","guid":{"rendered":"https:\/\/aepim.org.br\/?page_id=221"},"modified":"2024-10-11T08:12:43","modified_gmt":"2024-10-11T11:12:43","slug":"nossos-projetos-2","status":"publish","type":"page","link":"https:\/\/aepim.org.br\/index.php\/nossos-projetos-2\/","title":{"rendered":"Nossos Projetos"},"content":{"rendered":"\t\t<div data-elementor-type=\"wp-page\" data-elementor-id=\"221\" class=\"elementor elementor-221\" data-elementor-post-type=\"page\">\n\t\t\t\t<div class=\"elementor-element elementor-element-5f535dd e-con-full e-flex e-con e-parent\" data-id=\"5f535dd\" data-element_type=\"container\" data-e-type=\"container\" data-settings=\"{&quot;background_background&quot;:&quot;classic&quot;}\">\n\t\t\t\t<\/div>\n\t\t<div class=\"elementor-element elementor-element-e43b565 e-con-full e-flex e-con e-parent\" data-id=\"e43b565\" data-element_type=\"container\" data-e-type=\"container\" data-settings=\"{&quot;background_background&quot;:&quot;classic&quot;}\">\n\t\t<div class=\"elementor-element elementor-element-a84012d e-flex e-con-boxed e-con e-child\" data-id=\"a84012d\" data-element_type=\"container\" data-e-type=\"container\">\n\t\t\t\t\t<div class=\"e-con-inner\">\n\t\t<div class=\"elementor-element elementor-element-bb8f05f e-con-full e-flex e-con e-child\" data-id=\"bb8f05f\" data-element_type=\"container\" data-e-type=\"container\">\n\t\t\t\t<div class=\"elementor-element elementor-element-a426b40 elementor-widget elementor-widget-heading\" data-id=\"a426b40\" data-element_type=\"widget\" data-e-type=\"widget\" data-widget_type=\"heading.default\">\n\t\t\t\t<div class=\"elementor-widget-container\">\n\t\t\t\t\t<h2 class=\"elementor-heading-title elementor-size-default\">Nossos Projetos<\/h2>\t\t\t\t<\/div>\n\t\t\t\t<\/div>\n\t\t\t\t<\/div>\n\t\t<div class=\"elementor-element elementor-element-27110b8 e-con-full e-flex e-con e-child\" data-id=\"27110b8\" data-element_type=\"container\" data-e-type=\"container\">\n\t\t\t\t<div class=\"elementor-element elementor-element-d735ad7 elementor-widget elementor-widget-text-editor\" data-id=\"d735ad7\" data-element_type=\"widget\" data-e-type=\"widget\" data-widget_type=\"text-editor.default\">\n\t\t\t\t<div class=\"elementor-widget-container\">\n\t\t\t\t\t\t\t\t\t<p>Atuamos de forma colaborativa com lideran\u00e7as e associa\u00e7\u00f5es ind\u00edgenas, apoiando a luta por direitos humanos e territoriais e promovendo projetos em agricultura, meio ambiente e fortalecimento cultural.<\/p>\t\t\t\t\t\t\t\t<\/div>\n\t\t\t\t<\/div>\n\t\t\t\t<\/div>\n\t\t\t\t\t<\/div>\n\t\t\t\t<\/div>\n\t\t<div class=\"elementor-element elementor-element-3959e05 e-con-full e-flex e-con e-child\" data-id=\"3959e05\" data-element_type=\"container\" data-e-type=\"container\">\n\t\t\t\t<div class=\"elementor-element elementor-element-14de011 elementor-arrows-position-inside elementor-widget elementor-widget-loop-carousel\" data-id=\"14de011\" data-element_type=\"widget\" data-e-type=\"widget\" data-settings=\"{&quot;template_id&quot;:&quot;1928&quot;,&quot;slides_to_show&quot;:&quot;4&quot;,&quot;_skin&quot;:&quot;post&quot;,&quot;slides_to_show_tablet&quot;:&quot;2&quot;,&quot;slides_to_show_mobile&quot;:&quot;1&quot;,&quot;slides_to_scroll&quot;:&quot;1&quot;,&quot;edit_handle_selector&quot;:&quot;.elementor-widget-container&quot;,&quot;autoplay&quot;:&quot;yes&quot;,&quot;autoplay_speed&quot;:5000,&quot;pause_on_hover&quot;:&quot;yes&quot;,&quot;pause_on_interaction&quot;:&quot;yes&quot;,&quot;infinite&quot;:&quot;yes&quot;,&quot;speed&quot;:500,&quot;offset_sides&quot;:&quot;none&quot;,&quot;arrows&quot;:&quot;yes&quot;,&quot;image_spacing_custom&quot;:{&quot;unit&quot;:&quot;px&quot;,&quot;size&quot;:10,&quot;sizes&quot;:[]},&quot;image_spacing_custom_tablet&quot;:{&quot;unit&quot;:&quot;px&quot;,&quot;size&quot;:&quot;&quot;,&quot;sizes&quot;:[]},&quot;image_spacing_custom_mobile&quot;:{&quot;unit&quot;:&quot;px&quot;,&quot;size&quot;:&quot;&quot;,&quot;sizes&quot;:[]}}\" data-widget_type=\"loop-carousel.post\">\n\t\t\t\t<div class=\"elementor-widget-container\">\n\t\t\t\t\t\t\t<div class=\"swiper-container elementor-loop-container elementor-grid\" dir=\"ltr\">\n\t\t\t\t<div class=\"swiper-wrapper\" aria-live=\"off\">\n\t\t<style id=\"loop-dynamic-1928\">.e-loop-item-225 .elementor-element.elementor-element-4b81e1ee:not(.elementor-motion-effects-element-type-background), .e-loop-item-225 .elementor-element.elementor-element-4b81e1ee > .elementor-motion-effects-container > .elementor-motion-effects-layer{background-image:url(\"https:\/\/aepim.org.br\/wp-content\/uploads\/2023\/07\/Copia-de-IMG_0186-2-scaled.jpg\");}<\/style><style id=\"loop-1928\">.elementor-1928 .elementor-element.elementor-element-4b81e1ee{--display:flex;--min-height:497px;--flex-direction:column;--container-widget-width:100%;--container-widget-height:initial;--container-widget-flex-grow:0;--container-widget-align-self:initial;--flex-wrap-mobile:wrap;--justify-content:flex-end;--gap:20px 20px;--row-gap:20px;--column-gap:20px;--overlay-opacity:0.41;--padding-top:0px;--padding-bottom:20px;--padding-left:020px;--padding-right:20px;}.elementor-1928 .elementor-element.elementor-element-4b81e1ee:not(.elementor-motion-effects-element-type-background), .elementor-1928 .elementor-element.elementor-element-4b81e1ee > .elementor-motion-effects-container > .elementor-motion-effects-layer{background-position:center center;background-repeat:no-repeat;background-size:cover;}.elementor-1928 .elementor-element.elementor-element-4b81e1ee::before, .elementor-1928 .elementor-element.elementor-element-4b81e1ee > .elementor-background-video-container::before, .elementor-1928 .elementor-element.elementor-element-4b81e1ee > .e-con-inner > .elementor-background-video-container::before, .elementor-1928 .elementor-element.elementor-element-4b81e1ee > .elementor-background-slideshow::before, .elementor-1928 .elementor-element.elementor-element-4b81e1ee > .e-con-inner > .elementor-background-slideshow::before, .elementor-1928 .elementor-element.elementor-element-4b81e1ee > .elementor-motion-effects-container > .elementor-motion-effects-layer::before{--background-overlay:'';background-color:#000000;}.elementor-1928 .elementor-element.elementor-element-655f0041{--display:flex;--flex-direction:column;--container-widget-width:100%;--container-widget-height:initial;--container-widget-flex-grow:0;--container-widget-align-self:initial;--flex-wrap-mobile:wrap;--gap:5px 5px;--row-gap:5px;--column-gap:5px;--padding-top:5%;--padding-bottom:5%;--padding-left:5%;--padding-right:5%;}.elementor-1928 .elementor-element.elementor-element-655f0041:not(.elementor-motion-effects-element-type-background), .elementor-1928 .elementor-element.elementor-element-655f0041 > .elementor-motion-effects-container > .elementor-motion-effects-layer{background-color:#F9E0E200;}.elementor-1928 .elementor-element.elementor-element-3ed4936b{text-align:start;}.elementor-1928 .elementor-element.elementor-element-3ed4936b .elementor-heading-title{font-family:\"Inter\", Sans-serif;font-size:16px;font-weight:300;text-transform:uppercase;font-style:normal;text-decoration:none;line-height:1.2em;letter-spacing:2.7px;word-spacing:0px;-webkit-text-stroke-color:#000;stroke:#000;color:#FFFFFF;}.elementor-1928 .elementor-element.elementor-element-1a33890d .elementor-widget-container{color:#FFFFFF;font-family:\"Inter\", Sans-serif;font-size:16px;font-weight:400;text-transform:none;font-style:normal;text-decoration:none;line-height:1.5em;letter-spacing:0px;word-spacing:0px;}@media(max-width:1024px){.elementor-1928 .elementor-element.elementor-element-4b81e1ee{--min-height:440px;}.elementor-1928 .elementor-element.elementor-element-3ed4936b .elementor-heading-title{line-height:1em;}.elementor-1928 .elementor-element.elementor-element-1a33890d .elementor-widget-container{font-size:14px;}}@media(max-width:767px){.elementor-1928 .elementor-element.elementor-element-4b81e1ee{--min-height:400px;}.elementor-1928 .elementor-element.elementor-element-3ed4936b{text-align:center;}.elementor-1928 .elementor-element.elementor-element-3ed4936b .elementor-heading-title{font-size:14px;letter-spacing:2px;}.elementor-1928 .elementor-element.elementor-element-1a33890d .elementor-widget-container{text-align:center;}}<\/style>\t\t<div data-elementor-type=\"loop-item\" data-elementor-id=\"1928\" class=\"elementor elementor-1928 swiper-slide e-loop-item e-loop-item-225 post-225 post type-post status-publish format-standard has-post-thumbnail hentry category-agricultura-e-meio-ambiente category-todos\" data-elementor-post-type=\"elementor_library\" role=\"group\" aria-roledescription=\"slide\" data-custom-edit-handle=\"1\">\n\t\t\t<a class=\"elementor-element elementor-element-4b81e1ee e-con-full e-flex e-con e-parent\" data-id=\"4b81e1ee\" data-element_type=\"container\" data-e-type=\"container\" data-settings=\"{&quot;background_background&quot;:&quot;classic&quot;}\" href=\"https:\/\/aepim.org.br\/index.php\/2023\/07\/24\/livro-de-jose-vera-nhemombaraete-reko-rai\/\">\n\t\t<div class=\"elementor-element elementor-element-655f0041 e-con-full e-flex e-con e-child\" data-id=\"655f0041\" data-element_type=\"container\" data-e-type=\"container\" data-settings=\"{&quot;background_background&quot;:&quot;classic&quot;}\">\n\t\t\t\t<div class=\"elementor-element elementor-element-3ed4936b elementor-widget elementor-widget-theme-post-title elementor-page-title elementor-widget-heading\" data-id=\"3ed4936b\" data-element_type=\"widget\" data-e-type=\"widget\" data-widget_type=\"theme-post-title.default\">\n\t\t\t\t<div class=\"elementor-widget-container\">\n\t\t\t\t\t<h3 class=\"elementor-heading-title elementor-size-default\">Livro de Jos\u00e9 Ver\u00e1 &#8211; Nhemombaraete Reko R\u00e3&#8217;i<\/h3>\t\t\t\t<\/div>\n\t\t\t\t<\/div>\n\t\t\t\t<\/div>\n\t\t\t\t<\/a>\n\t\t\t\t<\/div>\n\t\t<style id=\"loop-dynamic-1928\">.e-loop-item-178 .elementor-element.elementor-element-4b81e1ee:not(.elementor-motion-effects-element-type-background), .e-loop-item-178 .elementor-element.elementor-element-4b81e1ee > .elementor-motion-effects-container > .elementor-motion-effects-layer{background-image:url(\"https:\/\/aepim.org.br\/wp-content\/uploads\/2023\/05\/Copia-de-IMG_20221022_163002254-scaled.jpg\");}<\/style>\t\t<div data-elementor-type=\"loop-item\" data-elementor-id=\"1928\" class=\"elementor elementor-1928 swiper-slide e-loop-item e-loop-item-178 post-178 post type-post status-publish format-standard has-post-thumbnail hentry category-direitos-territoriais category-todos\" data-elementor-post-type=\"elementor_library\" role=\"group\" aria-roledescription=\"slide\" data-custom-edit-handle=\"1\">\n\t\t\t<a class=\"elementor-element elementor-element-4b81e1ee e-con-full e-flex e-con e-parent\" data-id=\"4b81e1ee\" data-element_type=\"container\" data-e-type=\"container\" data-settings=\"{&quot;background_background&quot;:&quot;classic&quot;}\" href=\"https:\/\/aepim.org.br\/index.php\/2023\/07\/24\/tekoa-karandaty-mato-do-julio-cachoeirinha-rs\/\">\n\t\t<div class=\"elementor-element elementor-element-655f0041 e-con-full e-flex e-con e-child\" data-id=\"655f0041\" data-element_type=\"container\" data-e-type=\"container\" data-settings=\"{&quot;background_background&quot;:&quot;classic&quot;}\">\n\t\t\t\t<div class=\"elementor-element elementor-element-3ed4936b elementor-widget elementor-widget-theme-post-title elementor-page-title elementor-widget-heading\" data-id=\"3ed4936b\" data-element_type=\"widget\" data-e-type=\"widget\" data-widget_type=\"theme-post-title.default\">\n\t\t\t\t<div class=\"elementor-widget-container\">\n\t\t\t\t\t<h3 class=\"elementor-heading-title elementor-size-default\">Tekoa Karandaty &#8211; Mato do J\u00falio (Cachoeirinha\/RS)<\/h3>\t\t\t\t<\/div>\n\t\t\t\t<\/div>\n\t\t\t\t<\/div>\n\t\t\t\t<\/a>\n\t\t\t\t<\/div>\n\t\t<style id=\"loop-dynamic-1928\">.e-loop-item-189 .elementor-element.elementor-element-4b81e1ee:not(.elementor-motion-effects-element-type-background), .e-loop-item-189 .elementor-element.elementor-element-4b81e1ee > .elementor-motion-effects-container > .elementor-motion-effects-layer{background-image:url(\"https:\/\/aepim.org.br\/wp-content\/uploads\/2023\/07\/Copia-de-IMG_20220823_151352-scaled.jpg\");}<\/style>\t\t<div data-elementor-type=\"loop-item\" data-elementor-id=\"1928\" class=\"elementor elementor-1928 swiper-slide e-loop-item e-loop-item-189 post-189 post type-post status-publish format-standard has-post-thumbnail hentry category-agricultura-e-meio-ambiente category-nossos-projetos category-todos\" data-elementor-post-type=\"elementor_library\" role=\"group\" aria-roledescription=\"slide\" data-custom-edit-handle=\"1\">\n\t\t\t<a class=\"elementor-element elementor-element-4b81e1ee e-con-full e-flex e-con e-parent\" data-id=\"4b81e1ee\" data-element_type=\"container\" data-e-type=\"container\" data-settings=\"{&quot;background_background&quot;:&quot;classic&quot;}\" href=\"https:\/\/aepim.org.br\/index.php\/2023\/07\/24\/construcao-da-agroindustria-guarani\/\">\n\t\t<div class=\"elementor-element elementor-element-655f0041 e-con-full e-flex e-con e-child\" data-id=\"655f0041\" data-element_type=\"container\" data-e-type=\"container\" data-settings=\"{&quot;background_background&quot;:&quot;classic&quot;}\">\n\t\t\t\t<div class=\"elementor-element elementor-element-3ed4936b elementor-widget elementor-widget-theme-post-title elementor-page-title elementor-widget-heading\" data-id=\"3ed4936b\" data-element_type=\"widget\" data-e-type=\"widget\" data-widget_type=\"theme-post-title.default\">\n\t\t\t\t<div class=\"elementor-widget-container\">\n\t\t\t\t\t<h3 class=\"elementor-heading-title elementor-size-default\">CONSTRU\u00c7\u00c3O DA AGROIND\u00daSTRIA GUARANI<\/h3>\t\t\t\t<\/div>\n\t\t\t\t<\/div>\n\t\t\t\t<\/div>\n\t\t\t\t<\/a>\n\t\t\t\t<\/div>\n\t\t<style id=\"loop-dynamic-1928\">.e-loop-item-142 .elementor-element.elementor-element-4b81e1ee:not(.elementor-motion-effects-element-type-background), .e-loop-item-142 .elementor-element.elementor-element-4b81e1ee > .elementor-motion-effects-container > .elementor-motion-effects-layer{background-image:url(\"https:\/\/aepim.org.br\/wp-content\/uploads\/2023\/07\/Copia-de-segundo-encontro-aldeia-de-rio-grande-7-scaled.jpg\");}<\/style>\t\t<div data-elementor-type=\"loop-item\" data-elementor-id=\"1928\" class=\"elementor elementor-1928 swiper-slide e-loop-item e-loop-item-142 post-142 post type-post status-publish format-standard has-post-thumbnail hentry category-fortalecimento-cultural category-nossos-projetos category-todos\" data-elementor-post-type=\"elementor_library\" role=\"group\" aria-roledescription=\"slide\" data-custom-edit-handle=\"1\">\n\t\t\t<a class=\"elementor-element elementor-element-4b81e1ee e-con-full e-flex e-con e-parent\" data-id=\"4b81e1ee\" data-element_type=\"container\" data-e-type=\"container\" data-settings=\"{&quot;background_background&quot;:&quot;classic&quot;}\" href=\"https:\/\/aepim.org.br\/index.php\/2023\/07\/13\/movimento-das-mulheres-guarani-2019\/\">\n\t\t<div class=\"elementor-element elementor-element-655f0041 e-con-full e-flex e-con e-child\" data-id=\"655f0041\" data-element_type=\"container\" data-e-type=\"container\" data-settings=\"{&quot;background_background&quot;:&quot;classic&quot;}\">\n\t\t\t\t<div class=\"elementor-element elementor-element-3ed4936b elementor-widget elementor-widget-theme-post-title elementor-page-title elementor-widget-heading\" data-id=\"3ed4936b\" data-element_type=\"widget\" data-e-type=\"widget\" data-widget_type=\"theme-post-title.default\">\n\t\t\t\t<div class=\"elementor-widget-container\">\n\t\t\t\t\t<h3 class=\"elementor-heading-title elementor-size-default\">Movimento das Mulheres Guarani [2019]<\/h3>\t\t\t\t<\/div>\n\t\t\t\t<\/div>\n\t\t\t\t<\/div>\n\t\t\t\t<\/a>\n\t\t\t\t<\/div>\n\t\t<style id=\"loop-dynamic-1928\">.e-loop-item-6 .elementor-element.elementor-element-4b81e1ee:not(.elementor-motion-effects-element-type-background), .e-loop-item-6 .elementor-element.elementor-element-4b81e1ee > .elementor-motion-effects-container > .elementor-motion-effects-layer{background-image:url(\"https:\/\/aepim.org.br\/wp-content\/uploads\/2023\/05\/WhatsApp-Image-2021-04-21-at-16.00.04.jpeg\");}<\/style>\t\t<div data-elementor-type=\"loop-item\" data-elementor-id=\"1928\" class=\"elementor elementor-1928 swiper-slide e-loop-item e-loop-item-6 post-6 post type-post status-publish format-standard has-post-thumbnail hentry category-atuacao-em-defesa-dos-direitos-territoriais category-direitos-territoriais category-todos\" data-elementor-post-type=\"elementor_library\" role=\"group\" aria-roledescription=\"slide\" data-custom-edit-handle=\"1\">\n\t\t\t<a class=\"elementor-element elementor-element-4b81e1ee e-con-full e-flex e-con e-parent\" data-id=\"4b81e1ee\" data-element_type=\"container\" data-e-type=\"container\" data-settings=\"{&quot;background_background&quot;:&quot;classic&quot;}\" href=\"https:\/\/aepim.org.br\/index.php\/2023\/05\/25\/como-a-aepim-promove-a-autonomia-e-o-bem-viver-das-comunidades-tradicionais\/\">\n\t\t<div class=\"elementor-element elementor-element-655f0041 e-con-full e-flex e-con e-child\" data-id=\"655f0041\" data-element_type=\"container\" data-e-type=\"container\" data-settings=\"{&quot;background_background&quot;:&quot;classic&quot;}\">\n\t\t\t\t<div class=\"elementor-element elementor-element-3ed4936b elementor-widget elementor-widget-theme-post-title elementor-page-title elementor-widget-heading\" data-id=\"3ed4936b\" data-element_type=\"widget\" data-e-type=\"widget\" data-widget_type=\"theme-post-title.default\">\n\t\t\t\t<div class=\"elementor-widget-container\">\n\t\t\t\t\t<h3 class=\"elementor-heading-title elementor-size-default\">Pindo Poty e Guarani &#8211; Mobiliza\u00e7\u00e3o em defesa da tekoa Pindo Poty (aldeia do Lami, extremo-sul de Porto Alegre)<\/h3>\t\t\t\t<\/div>\n\t\t\t\t<\/div>\n\t\t\t\t<\/div>\n\t\t\t\t<\/a>\n\t\t\t\t<\/div>\n\t\t\t\t<\/div>\n\t\t<\/div>\n\t\t\t\t\t<div class=\"elementor-swiper-button elementor-swiper-button-prev\" role=\"button\" tabindex=\"0\">\n\t\t\t\t<svg aria-hidden=\"true\" class=\"e-font-icon-svg e-eicon-chevron-left\" viewBox=\"0 0 1000 1000\" xmlns=\"http:\/\/www.w3.org\/2000\/svg\"><path d=\"M646 125C629 125 613 133 604 142L308 442C296 454 292 471 292 487 292 504 296 521 308 533L604 854C617 867 629 875 646 875 663 875 679 871 692 858 704 846 713 829 713 812 713 796 708 779 692 767L438 487 692 225C700 217 708 204 708 187 708 171 704 154 692 142 675 129 663 125 646 125Z\"><\/path><\/svg>\t\t\t<\/div>\n\t\t\t<div class=\"elementor-swiper-button elementor-swiper-button-next\" role=\"button\" tabindex=\"0\">\n\t\t\t\t<svg aria-hidden=\"true\" class=\"e-font-icon-svg e-eicon-chevron-right\" viewBox=\"0 0 1000 1000\" xmlns=\"http:\/\/www.w3.org\/2000\/svg\"><path d=\"M696 533C708 521 713 504 713 487 713 471 708 454 696 446L400 146C388 133 375 125 354 125 338 125 325 129 313 142 300 154 292 171 292 187 292 204 296 221 308 233L563 492 304 771C292 783 288 800 288 817 288 833 296 850 308 863 321 871 338 875 354 875 371 875 388 867 400 854L696 533Z\"><\/path><\/svg>\t\t\t<\/div>\n\t\t\t\t\t\t<\/div>\n\t\t\t\t<\/div>\n\t\t\t\t<\/div>\n\t\t\t\t<\/div>\n\t\t\t\t<\/div>\n\t\t","protected":false},"excerpt":{"rendered":"<p>Nossos Projetos Atuamos de forma colaborativa com lideran\u00e7as e associa\u00e7\u00f5es ind\u00edgenas, apoiando a luta por direitos humanos e territoriais e promovendo projetos em agricultura, meio ambiente e fortalecimento cultural.<\/p>\n","protected":false},"author":1,"featured_media":0,"parent":0,"menu_order":3,"comment_status":"closed","ping_status":"closed","template":"elementor_header_footer","meta":{"footnotes":""},"class_list":["post-221","page","type-page","status-publish","hentry"],"blocksy_meta":[],"rttpg_featured_image_url":null,"rttpg_author":{"display_name":"aepimrs@gmail.com","author_link":"https:\/\/aepim.org.br\/index.php\/author\/aepimrsgmail-com\/"},"rttpg_comment":0,"rttpg_category":"","rttpg_excerpt":"Nossos Projetos Atuamos de forma colaborativa com lideran\u00e7as e associa\u00e7\u00f5es ind\u00edgenas, apoiando a luta por direitos humanos e territoriais e promovendo projetos em agricultura, meio ambiente e fortalecimento cultural.","_links":{"self":[{"href":"https:\/\/aepim.org.br\/index.php\/wp-json\/wp\/v2\/pages\/221","targetHints":{"allow":["GET"]}}],"collection":[{"href":"https:\/\/aepim.org.br\/index.php\/wp-json\/wp\/v2\/pages"}],"about":[{"href":"https:\/\/aepim.org.br\/index.php\/wp-json\/wp\/v2\/types\/page"}],"author":[{"embeddable":true,"href":"https:\/\/aepim.org.br\/index.php\/wp-json\/wp\/v2\/users\/1"}],"replies":[{"embeddable":true,"href":"https:\/\/aepim.org.br\/index.php\/wp-json\/wp\/v2\/comments?post=221"}],"version-history":[{"count":107,"href":"https:\/\/aepim.org.br\/index.php\/wp-json\/wp\/v2\/pages\/221\/revisions"}],"predecessor-version":[{"id":2248,"href":"https:\/\/aepim.org.br\/index.php\/wp-json\/wp\/v2\/pages\/221\/revisions\/2248"}],"wp:attachment":[{"href":"https:\/\/aepim.org.br\/index.php\/wp-json\/wp\/v2\/media?parent=221"}],"curies":[{"name":"wp","href":"https:\/\/api.w.org\/{rel}","templated":true}]}}